{"id":14625,"date":"2020-12-06T20:59:08","date_gmt":"2020-12-06T19:59:08","guid":{"rendered":"https:\/\/insight-performance.com\/products\/application-performance-monitoring-apm\/"},"modified":"2023-05-19T13:40:33","modified_gmt":"2023-05-19T11:40:33","slug":"apm","status":"publish","type":"page","link":"https:\/\/insight-performance.com\/en\/products\/apm\/","title":{"rendered":"Application Performance Monitoring (APM)"},"content":{"rendered":"<section class=\"kc-elm kc-css-103224 kc_row\"><div class=\"kc-row-container  kc-container\"><div class=\"kc-wrap-columns row-content-bottom\"><div class=\"kc-elm kc-css-214845 kc_col-sm-12 kc_column col-md-12\"><div class=\"kc-col-container\"><div class=\"kc-elm kc-css-315537 kc_row kc_row_inner\"><div class=\"kc-elm kc-css-505910 kc_col-sm-12 kc_column_inner col-md-12 col-sm-12\"><div class=\"kc_wrapper kc-col-inner-container\"><div class=\"kc-elm kc-css-715112 crumina-module crumina-module-breadcrumb\">\r\n\t<div class=\"breadcrumbs-wrap inline-items\">\r\n\r\n\t\t<a href=\"https:\/\/insight-performance.com\/en\/\" class=\"btn btn--transparent btn--round\">\r\n\t\t\t<svg class=\"utouch-icon utouch-icon-home-icon-silhouette\"><use xlink:href=\"#utouch-icon-home-icon-silhouette\"><\/use><\/svg>\r\n\t\t<\/a>\r\n\r\n\t\t<div class=\"breadcrumbs\">\r\n\t\t\t\r\n\t\t<\/div>\r\n\t<\/div>\r\n\r\n<\/div>\r\n<header class=\"kc-elm kc-css-229478 crumina-module crumina-heading align-center \">\r\n\t\r\n\t\t<h1 class=\" heading-title\" >Application Performance Monitoring<\/h1>\r\n\t<div class=\"heading-text\">Detect incidents proactively to ensure a service continuity.<\/div>\r\n\r\n<\/header>\r\n\r\n<div class=\"kc-elm kc-css-403133 crumina-module crum-button align-center\">\r\n\t\t\t<a class=\"btn btn-medium  btn--white btn-border\" href=\"https:\/\/www.insight-performance.com\/en\/demo\/\" target=\"_self\" title=\"Demo\">\r\n\t\t\t<span class=\"text\">Private demo<\/span>\t\t<\/a>\r\n\t<\/div><\/div><\/div><\/div><\/div><\/div><\/div><\/div><\/section><section data-kc-fullheight=\"middle-content\" data-kc-equalheight=\"true\" data-kc-equalheight-align=\"top\" class=\"kc-elm kc-css-12389 kc_row\"><div class=\"kc-row-container  kc-container\"><div class=\"kc-wrap-columns\"><div class=\"kc-elm kc-css-873560 kc_col-sm-12 kc_column col-md-12\"><div class=\"kc-col-container\"><div class=\"kc-elm kc-css-37123\" style=\"height: 40px; clear: both; width:100%;\"><\/div><header class=\"kc-elm kc-css-49982 crumina-module crumina-heading align-left \">\r\n\t\t\t<h6 class=\"heading-sup-title\">Monitoring<\/h6>\r\n\t\r\n\t\t<h2 class=\" heading-title\" >ANALYZE THE PERFORMANCE OF YOUR APPLICATIONS<\/h2>\r\n\t<div class=\"heading-text\">We can help 24\/7 using our measures and external eyes to identify which resources need to be monitored, and where we will find potential bottlenecks.<\/div>\r\n\r\n<\/header>\r\n<div class=\"kc-elm kc-css-128309 kc_row kc_row_inner\"><div class=\"kc-elm kc-css-830089 kc_col-sm-4 kc_column_inner col-md-4 col-sm-12\"><div class=\"kc_wrapper kc-col-inner-container\"><div class=\"kc-elm kc-css-931581 kc_text_block\"><p><img decoding=\"async\" loading=\"lazy\" class=\"size-medium\" src=\"https:\/\/www.insight-performance.com\/wp-content\/uploads\/2021\/06\/detail.png\" alt=\"detail\" width=\"120\" height=\"120\" \/><\/p>\n<h3>Perform a technical audit<\/h3>\n<p>As IT measurement experts and web developers, we can help 24\/7 using our measures and external eyes to identify which resources need to be monitored, and where we will find potential bottlenecks.<\/p>\n<\/div><\/div><\/div><div class=\"kc-elm kc-css-531627 kc_col-sm-4 kc_column_inner col-md-4 col-sm-12\"><div class=\"kc_wrapper kc-col-inner-container\"><div class=\"kc-elm kc-css-316966 kc_text_block\"><p><img decoding=\"async\" loading=\"lazy\" class=\"size-medium\" src=\"https:\/\/www.insight-performance.com\/wp-content\/uploads\/2021\/06\/waiting.png\" alt=\"waiting\" width=\"120\" height=\"120\" \/><\/p>\n<h3>Check loading times<\/h3>\n<p>The loading times of resources are key elements in user experiences, especially in web environments and API calls.<br \/>The loads of different requested resources are constantly monitored thereby identifying when issues arise, for example, from within either the application itself or the network pathway.<\/p>\n<\/div><\/div><\/div><div class=\"kc-elm kc-css-497506 kc_col-sm-4 kc_column_inner col-md-4 col-sm-12\"><div class=\"kc_wrapper kc-col-inner-container\"><div class=\"kc-elm kc-css-368520 kc_text_block\"><p><img decoding=\"async\" loading=\"lazy\" class=\"size-medium\" src=\"https:\/\/www.insight-performance.com\/wp-content\/uploads\/2021\/06\/data.png\" alt=\"data\" width=\"120\" height=\"120\" \/><\/p>\n<h3>Retrieve business indicators<\/h3>\n<p>The third-party services used by your applications are regulated so as to provide early detection of what is slowing your applications.<\/p>\n<\/div><\/div><\/div><\/div><div class=\"kc-elm kc-css-728851\" style=\"height: 40px; clear: both; width:100%;\"><\/div><\/div><\/div><\/div><\/div><\/section><section class=\"kc-elm kc-css-134577 kc_row\"><div class=\"kc-row-container  kc-container\"><div class=\"kc-wrap-columns\"><div class=\"kc-elm kc-css-23122 kc_col-sm-12 kc_column col-md-12\"><div class=\"kc-col-container\"><div class=\"kc-elm kc-css-25086\" style=\"height: 40px; clear: both; width:100%;\"><\/div><div data-kc-equalheight=\"true\" data-kc-row-action=\"true\" data-kc-equalheight-align=\"middle\" class=\"kc-elm kc-css-215145 kc_row kc_row_inner\"><div class=\"kc-elm kc-css-806177 kc_col-sm-6 kc_column_inner col-md-6 col-sm-12\"><div class=\"kc_wrapper kc-col-inner-container\"><header class=\"kc-elm kc-css-215906 crumina-module crumina-heading align-left \">\r\n\t\t\t<h6 class=\"heading-sup-title\">Technical data<\/h6>\r\n\t\r\n\t\t<h2 class=\" heading-title\" >AN ACCURATE SUPERVISION<\/h2>\r\n\t<div class=\"heading-text\">The technical measures operated in a real environment on your web applications allows for charting waterfalls (web developer tool), loading times, (connection to server, download, compressions) and permitting the survey of API services. All of which are often seen as key points within modern applications.<\/div>\r\n\r\n<\/header>\r\n\r\n<div class=\"kc-elm kc-css-512384 crumina-module crum-button align-left\">\r\n\t\t\t<a class=\"btn btn-medium  btn--primary btn-border\" href=\"https:\/\/www.insight-performance.com\/en\/demo\/\" target=\"_self\" title=\"Demo\">\r\n\t\t\t<span class=\"text\">Request a demo<\/span>\t\t<\/a>\r\n\t<\/div><\/div><\/div><div class=\"kc-elm kc-css-318440 kc_col-sm-6 kc_column_inner col-md-6 col-sm-12\"><div class=\"kc_wrapper kc-col-inner-container\"><div class=\"kc-elm kc-css-809148 crumina-module single-image\">\r\n            <img src=\"https:\/\/insight-performance.com\/wp-content\/uploads\/2021\/06\/multiscreen.png\" class=\"alignright\" alt=\"img\" title=\"Digital experience monitoring\" \/>\r\n        <\/div>\r\n<\/div><\/div><\/div><div class=\"kc-elm kc-css-568685\" style=\"height: 40px; clear: both; width:100%;\"><\/div><\/div><\/div><\/div><\/div><\/section><section class=\"kc-elm kc-css-733870 kc_row\"><div class=\"kc-row-container  kc-container\"><div class=\"kc-wrap-columns\"><div class=\"kc-elm kc-css-759372 kc_col-sm-12 kc_column col-md-12\"><div class=\"kc-col-container\"><div data-kc-equalheight=\"true\" data-kc-row-action=\"true\" data-kc-equalheight-align=\"top\" class=\"kc-elm kc-css-267876 kc_row kc_row_inner\"><div class=\"kc-elm kc-css-405881 kc_col-sm-12 kc_column_inner col-md-12 col-sm-12\"><div class=\"kc_wrapper kc-col-inner-container\"><div class=\"kc-elm kc-css-784690\" style=\"height: 20px; clear: both; width:100%;\"><\/div><header class=\"kc-elm kc-css-343631 crumina-module crumina-heading align-left \">\r\n\t\t\t<h6 class=\"heading-sup-title\">Dashboards<\/h6>\r\n\t\r\n\t\t<h2 class=\" heading-title\" >Custom dashboards fitting your needs<\/h2>\r\n\r\n<\/header>\r\n<\/div><\/div><\/div><div class=\"kc-elm kc-css-847490 kc_row kc_row_inner\"><div class=\"kc-elm kc-css-263292 kc_col-sm-6 kc_column_inner col-md-6 col-sm-12\"><div class=\"kc_wrapper kc-col-inner-container\"><div class=\"kc-elm kc-css-558192 crumina-module single-image\">\r\n            <img src=\"https:\/\/insight-performance.com\/wp-content\/uploads\/2021\/02\/monitor-side.png\" class=\"alignleft\" alt=\"img\" title=\"Digital experience monitoring\" \/>\r\n        <\/div>\r\n<\/div><\/div><div class=\"kc-elm kc-css-806438 kc_col-sm-6 kc_column_inner col-md-6 col-sm-12\"><div class=\"kc_wrapper kc-col-inner-container\"><div class=\"kc-elm kc-css-821493 kc_text_block\"><h3>Monitoring<\/h3>\n<p>DashView : real time, time slider<br \/>SmartAlerts : mail, sms texts, API<br \/>Incident Management : SLA, impact, auto-restart measurement<br \/>Custom and responsive Widgets<\/p>\n<\/div><div class=\"kc-elm kc-css-342020 kc_text_block\"><h3>Reporting<\/h3>\n<p>Investigation tools : graph, states, details, charts, statistics<br \/>SmartReports : SLA, capacity planning, morning checks, activity reports<\/p>\n<\/div><div class=\"kc-elm kc-css-826388 kc_text_block\"><h3>Decision-making<\/h3>\n<p>BI reporting : consolidated vision, dimensional analysis<br \/>DataMart : self-BI, custom views<\/p>\n<\/div><\/div><\/div><\/div><div class=\"kc-elm kc-css-609172\" style=\"height: 41px; clear: both; width:100%;\"><\/div><\/div><\/div><\/div><\/div><\/section><section class=\"kc-elm kc-css-692823 kc_row\"><div class=\"kc-row-container  kc-container\"><div class=\"kc-wrap-columns\"><div class=\"kc-elm kc-css-835409 kc_col-sm-12 kc_column col-md-12\"><div class=\"kc-col-container\"><div data-kc-equalheight=\"true\" data-kc-row-action=\"true\" data-kc-equalheight-align=\"middle\" class=\"kc-elm kc-css-501100 kc_row kc_row_inner\"><div class=\"kc-elm kc-css-558933 kc_col-sm-6 kc_column_inner col-md-6 col-sm-12\"><div class=\"kc_wrapper kc-col-inner-container\"><header class=\"kc-elm kc-css-598173 crumina-module crumina-heading align-left \">\r\n\t\r\n\t\t<h2 class=\" heading-title\" >FULLY INTEGRATED TO YOUR CURRENT PROCESS<\/h2>\r\n\t<div class=\"heading-text\">Thanks to the REST API, your existing applications can consume the data. So you can use your measurement results as you wish.<\/div>\r\n\r\n<\/header>\r\n<\/div><\/div><div class=\"kc-elm kc-css-378696 kc_col-sm-6 kc_column_inner col-md-6 col-sm-12\"><div class=\"kc_wrapper kc-col-inner-container\">\r\n<div class=\"kc-elm kc-css-571620 crumina-module crum-button align-right\">\r\n\t\t\t<a class=\"btn btn-medium  btn--primary\" href=\"https:\/\/www.insight-performance.com\/en\/demo\/\" target=\"_self\" title=\"Demo\">\r\n\t\t\t<span class=\"text\">Request a demo<\/span>\t\t<\/a>\r\n\t<\/div><\/div><\/div><\/div><\/div><\/div><\/div><\/div><\/section><section data-kc-equalheight=\"true\" data-kc-equalheight-align=\"middle\" class=\"kc-elm kc-css-916504 kc_row\"><div class=\"kc-row-container  kc-container\"><div class=\"kc-wrap-columns\"><div class=\"kc-elm kc-css-275811 kc_col-sm-12 kc_column col-md-12 col-sm-12\"><div class=\"kc-col-container\"><div class=\"kc-elm kc-css-4717\" style=\"height: 20px; clear: both; width:100%;\"><\/div><header class=\"kc-elm kc-css-937656 crumina-module crumina-heading align-center \">\r\n\t\r\n\t\t<h2 class=\" heading-title\" >They rely on our solutions<\/h2>\r\n\r\n<\/header>\r\n\r\n    <div class=\"kc-elm kc-css-725982 clients-slider-module crumina-module \">\r\n\t\t            <div class=\"swiper-container pagination-bottom-large\" data-show-items=\"6\" data-autoplay=\"3000\">\r\n                <div class=\"swiper-wrapper align-center\">\r\n\r\n\t\t\t\t\t                            <div class=\"swiper-slide client-item\">\r\n\t\t\t\t\t\t\t\t<img src=\"https:\/\/insight-performance.com\/wp-content\/uploads\/2021\/06\/carrefour.png\"  loading=\"lazy\" alt=\"carrefour\" title=\"carrefour\" class=\"hover\">                            <\/div>\r\n\t\t\t\t\t\t                            <div class=\"swiper-slide client-item\">\r\n\t\t\t\t\t\t\t\t<img src=\"https:\/\/insight-performance.com\/wp-content\/uploads\/2021\/06\/France-TV.png\"  loading=\"lazy\" alt=\"France TV\" title=\"France TV\" class=\"hover\">                            <\/div>\r\n\t\t\t\t\t\t                            <div class=\"swiper-slide client-item\">\r\n\t\t\t\t\t\t\t\t<img src=\"https:\/\/insight-performance.com\/wp-content\/uploads\/2021\/06\/lafarge-holcim.png\"  loading=\"lazy\" alt=\"lafarge holcim\" title=\"lafarge holcim\" class=\"hover\">                            <\/div>\r\n\t\t\t\t\t\t                            <div class=\"swiper-slide client-item\">\r\n\t\t\t\t\t\t\t\t<img src=\"https:\/\/insight-performance.com\/wp-content\/uploads\/2021\/06\/Total-energies.png\"  loading=\"lazy\" alt=\"Total energies\" title=\"Total energies\" class=\"hover\">                            <\/div>\r\n\t\t\t\t\t\t                            <div class=\"swiper-slide client-item\">\r\n\t\t\t\t\t\t\t\t<img src=\"https:\/\/insight-performance.com\/wp-content\/uploads\/2021\/06\/Terega.png\"  loading=\"lazy\" alt=\"Ter\u00e9ga\" title=\"Ter\u00e9ga\" class=\"hover\">                            <\/div>\r\n\t\t\t\t\t\t                            <div class=\"swiper-slide client-item\">\r\n\t\t\t\t\t\t\t\t<img src=\"https:\/\/insight-performance.com\/wp-content\/uploads\/2021\/06\/ST-M.png\"  loading=\"lazy\" alt=\"ST M\" title=\"ST M\" class=\"hover\">                            <\/div>\r\n\t\t\t\t\t\t                            <div class=\"swiper-slide client-item\">\r\n\t\t\t\t\t\t\t\t<img src=\"https:\/\/insight-performance.com\/wp-content\/uploads\/2021\/06\/amer-sports.png\"  loading=\"lazy\" alt=\"amer sports\" title=\"amer sports\" class=\"hover\">                            <\/div>\r\n\t\t\t\t\t\t                            <div class=\"swiper-slide client-item\">\r\n\t\t\t\t\t\t\t\t<img src=\"https:\/\/insight-performance.com\/wp-content\/uploads\/2021\/06\/UCF-CIBTP.png\"  loading=\"lazy\" alt=\"UCF CIBTP\" title=\"UCF CIBTP\" class=\"hover\">                            <\/div>\r\n\t\t\t\t\t\t                <\/div>\r\n\t\t\t\t                    <!--Prev Next Arrows-->\r\n                    <svg class=\"btn-next\">\r\n                        <use xlink:href=\"#arrow-right\"><\/use>\r\n                    <\/svg>\r\n                    <svg class=\"btn-prev\">\r\n                        <use xlink:href=\"#arrow-left\"><\/use>\r\n                    <\/svg>\r\n\t\t\t\t            <\/div>\r\n\t\t    <\/div>\r\n<\/div><\/div><\/div><\/div><\/section><section class=\"kc-elm kc-css-7124 kc_row\"><div class=\"kc-row-container  kc-container\"><div class=\"kc-wrap-columns\"><div class=\"kc-elm kc-css-804347 kc_col-sm-12 kc_column col-md-12\"><div class=\"kc-col-container\"><div class=\"kc-elm kc-css-901296\" style=\"height: 40px; clear: both; width:100%;\"><\/div><div data-kc-equalheight=\"true\" data-kc-row-action=\"true\" data-kc-equalheight-align=\"top\" class=\"kc-elm kc-css-274823 kc_row kc_row_inner\"><div class=\"kc-elm kc-css-381490 kc_col-sm-3 kc_column_inner col-md-3 col-sm-6 col-xs-12\"><div class=\"kc_wrapper kc-col-inner-container\"><div class=\"kc-elm kc-css-491006 crumina-module single-image\">\r\n            <img src=\"https:\/\/insight-performance.com\/wp-content\/uploads\/2021\/06\/flexibility.png\" class=\"aligncenter\" alt=\"img\" title=\"flexibility\" \/>\r\n        <\/div>\r\n<header class=\"kc-elm kc-css-746248 crumina-module crumina-heading align-center \">\r\n\t\r\n\t\t<h3 class=\" heading-title\" >Flexibility<\/h3>\r\n\t<div class=\"heading-text\">As an integral part of your processes and team we propose solutions which directly benefit your IT systems and end users.<\/div>\r\n\r\n<\/header>\r\n<\/div><\/div><div class=\"kc-elm kc-css-952951 kc_col-sm-3 kc_column_inner col-md-3 col-sm-6 col-xs-12\"><div class=\"kc_wrapper kc-col-inner-container\"><div class=\"kc-elm kc-css-518172 crumina-module single-image\">\r\n            <img src=\"https:\/\/insight-performance.com\/wp-content\/uploads\/2021\/06\/security.png\" class=\"aligncenter\" alt=\"img\" title=\"security\" \/>\r\n        <\/div>\r\n<header class=\"kc-elm kc-css-624740 crumina-module crumina-heading align-center \">\r\n\t\r\n\t\t<h3 class=\" heading-title\" >Security<\/h3>\r\n\t<div class=\"heading-text\">The portal, hosted in France, is GPDR compliant. On premise hosting, on demand.<\/div>\r\n\r\n<\/header>\r\n<\/div><\/div><div class=\"kc-elm kc-css-325352 kc_col-sm-3 kc_column_inner col-md-3 col-sm-6 col-xs-12\"><div class=\"kc_wrapper kc-col-inner-container\"><div class=\"kc-elm kc-css-504857 crumina-module single-image\">\r\n            <img src=\"https:\/\/insight-performance.com\/wp-content\/uploads\/2021\/06\/discretion.png\" class=\"aligncenter\" alt=\"img\" title=\"discretion\" \/>\r\n        <\/div>\r\n<header class=\"kc-elm kc-css-761299 crumina-module crumina-heading align-center \">\r\n\t\r\n\t\t<h3 class=\" heading-title\" >Discretion<\/h3>\r\n\t<div class=\"heading-text\">Non-intrusive IT measurement solution personalized for your IT operation.\r\n<\/div>\r\n\r\n<\/header>\r\n<\/div><\/div><div class=\"kc-elm kc-css-929256 kc_col-sm-3 kc_column_inner col-md-3 col-sm-6 col-xs-12\"><div class=\"kc_wrapper kc-col-inner-container\"><div class=\"kc-elm kc-css-586626 crumina-module single-image\">\r\n            <img src=\"https:\/\/insight-performance.com\/wp-content\/uploads\/2021\/06\/freedom.png\" class=\"aligncenter\" alt=\"img\" title=\"freedom\" \/>\r\n        <\/div>\r\n<header class=\"kc-elm kc-css-480318 crumina-module crumina-heading align-center \">\r\n\t\r\n\t\t<h3 class=\" heading-title\" >Liberty<\/h3>\r\n\t<div class=\"heading-text\">You are the owner of the data et related reports.\r\nNo commitment regarding duration.\r\n<\/div>\r\n\r\n<\/header>\r\n<\/div><\/div><\/div><div class=\"kc-elm kc-css-605152\" style=\"height: 40px; clear: both; width:100%;\"><\/div><\/div><\/div><\/div><\/div><\/section>\n","protected":false},"excerpt":{"rendered":"<p>Application Performance Monitoring Detect incidents proactively to ensure a service continuity. Private demo Monitoring ANALYZE THE PERFORMANCE OF YOUR APPLICATIONS We can help 24\/7 using our measures and external eyes to identify which resources need to be monitored, and where we will find potential bottlenecks. Perform a technical audit As IT measurement experts and web [&hellip;]<\/p>\n","protected":false},"author":1,"featured_media":0,"parent":12614,"menu_order":0,"comment_status":"closed","ping_status":"closed","template":"","meta":[],"acf":[],"yoast_head":"<!-- This site is optimized with the Yoast SEO plugin v20.7 - https:\/\/yoast.com\/wordpress\/plugins\/seo\/ -->\n<title>APPLICATION MONITORING - Maltem Insight Performance<\/title>\n<meta name=\"description\" content=\"D\u00e9tectez les incidents de vos applications pour une continuit\u00e9 de service optimale. D\u00e9couvrez nos produits.\" \/>\n<meta name=\"robots\" content=\"index, follow, max-snippet:-1, max-image-preview:large, max-video-preview:-1\" \/>\n<link rel=\"canonical\" href=\"https:\/\/insight-performance.com\/en\/products\/apm\/\" \/>\n<meta property=\"og:locale\" content=\"en_US\" \/>\n<meta property=\"og:type\" content=\"article\" \/>\n<meta property=\"og:title\" content=\"APPLICATION MONITORING - Maltem Insight Performance\" \/>\n<meta property=\"og:description\" content=\"D\u00e9tectez les incidents de vos applications pour une continuit\u00e9 de service optimale. D\u00e9couvrez nos produits.\" \/>\n<meta property=\"og:url\" content=\"https:\/\/insight-performance.com\/en\/products\/apm\/\" \/>\n<meta property=\"og:site_name\" content=\"Maltem Insight Performance\" \/>\n<meta property=\"article:modified_time\" content=\"2023-05-19T11:40:33+00:00\" \/>\n<meta property=\"og:image\" content=\"https:\/\/www.insight-performance.com\/wp-content\/uploads\/2021\/06\/detail.png\" \/>\n<meta name=\"twitter:card\" content=\"summary_large_image\" \/>\n<meta name=\"twitter:site\" content=\"@MaltemIP\" \/>\n<meta name=\"twitter:label1\" content=\"Est. reading time\" \/>\n\t<meta name=\"twitter:data1\" content=\"4 minutes\" \/>\n<script type=\"application\/ld+json\" class=\"yoast-schema-graph\">{\"@context\":\"https:\/\/schema.org\",\"@graph\":[{\"@type\":\"WebPage\",\"@id\":\"https:\/\/insight-performance.com\/en\/products\/apm\/\",\"url\":\"https:\/\/insight-performance.com\/en\/products\/apm\/\",\"name\":\"APPLICATION MONITORING - Maltem Insight Performance\",\"isPartOf\":{\"@id\":\"https:\/\/insight-performance.com\/#website\"},\"datePublished\":\"2020-12-06T19:59:08+00:00\",\"dateModified\":\"2023-05-19T11:40:33+00:00\",\"description\":\"D\u00e9tectez les incidents de vos applications pour une continuit\u00e9 de service optimale. D\u00e9couvrez nos produits.\",\"breadcrumb\":{\"@id\":\"https:\/\/insight-performance.com\/en\/products\/apm\/#breadcrumb\"},\"inLanguage\":\"en-US\",\"potentialAction\":[{\"@type\":\"ReadAction\",\"target\":[\"https:\/\/insight-performance.com\/en\/products\/apm\/\"]}]},{\"@type\":\"BreadcrumbList\",\"@id\":\"https:\/\/insight-performance.com\/en\/products\/apm\/#breadcrumb\",\"itemListElement\":[{\"@type\":\"ListItem\",\"position\":1,\"name\":\"Accueil\",\"item\":\"https:\/\/insight-performance.com\/en\/\"},{\"@type\":\"ListItem\",\"position\":2,\"name\":\"Products\",\"item\":\"https:\/\/insight-performance.com\/en\/products\/\"},{\"@type\":\"ListItem\",\"position\":3,\"name\":\"Application Performance Monitoring (APM)\"}]},{\"@type\":\"WebSite\",\"@id\":\"https:\/\/insight-performance.com\/#website\",\"url\":\"https:\/\/insight-performance.com\/\",\"name\":\"Maltem Insight Performance\",\"description\":\"IT Performance\",\"potentialAction\":[{\"@type\":\"SearchAction\",\"target\":{\"@type\":\"EntryPoint\",\"urlTemplate\":\"https:\/\/insight-performance.com\/?s={search_term_string}\"},\"query-input\":\"required name=search_term_string\"}],\"inLanguage\":\"en-US\"}]}<\/script>\n<!-- \/ Yoast SEO plugin. -->","yoast_head_json":{"title":"APPLICATION MONITORING - Maltem Insight Performance","description":"D\u00e9tectez les incidents de vos applications pour une continuit\u00e9 de service optimale. D\u00e9couvrez nos produits.","robots":{"index":"index","follow":"follow","max-snippet":"max-snippet:-1","max-image-preview":"max-image-preview:large","max-video-preview":"max-video-preview:-1"},"canonical":"https:\/\/insight-performance.com\/en\/products\/apm\/","og_locale":"en_US","og_type":"article","og_title":"APPLICATION MONITORING - Maltem Insight Performance","og_description":"D\u00e9tectez les incidents de vos applications pour une continuit\u00e9 de service optimale. D\u00e9couvrez nos produits.","og_url":"https:\/\/insight-performance.com\/en\/products\/apm\/","og_site_name":"Maltem Insight Performance","article_modified_time":"2023-05-19T11:40:33+00:00","og_image":[{"url":"https:\/\/www.insight-performance.com\/wp-content\/uploads\/2021\/06\/detail.png"}],"twitter_card":"summary_large_image","twitter_site":"@MaltemIP","twitter_misc":{"Est. reading time":"4 minutes"},"schema":{"@context":"https:\/\/schema.org","@graph":[{"@type":"WebPage","@id":"https:\/\/insight-performance.com\/en\/products\/apm\/","url":"https:\/\/insight-performance.com\/en\/products\/apm\/","name":"APPLICATION MONITORING - Maltem Insight Performance","isPartOf":{"@id":"https:\/\/insight-performance.com\/#website"},"datePublished":"2020-12-06T19:59:08+00:00","dateModified":"2023-05-19T11:40:33+00:00","description":"D\u00e9tectez les incidents de vos applications pour une continuit\u00e9 de service optimale. D\u00e9couvrez nos produits.","breadcrumb":{"@id":"https:\/\/insight-performance.com\/en\/products\/apm\/#breadcrumb"},"inLanguage":"en-US","potentialAction":[{"@type":"ReadAction","target":["https:\/\/insight-performance.com\/en\/products\/apm\/"]}]},{"@type":"BreadcrumbList","@id":"https:\/\/insight-performance.com\/en\/products\/apm\/#breadcrumb","itemListElement":[{"@type":"ListItem","position":1,"name":"Accueil","item":"https:\/\/insight-performance.com\/en\/"},{"@type":"ListItem","position":2,"name":"Products","item":"https:\/\/insight-performance.com\/en\/products\/"},{"@type":"ListItem","position":3,"name":"Application Performance Monitoring (APM)"}]},{"@type":"WebSite","@id":"https:\/\/insight-performance.com\/#website","url":"https:\/\/insight-performance.com\/","name":"Maltem Insight Performance","description":"IT Performance","potentialAction":[{"@type":"SearchAction","target":{"@type":"EntryPoint","urlTemplate":"https:\/\/insight-performance.com\/?s={search_term_string}"},"query-input":"required name=search_term_string"}],"inLanguage":"en-US"}]}},"_links":{"self":[{"href":"https:\/\/insight-performance.com\/en\/wp-json\/wp\/v2\/pages\/14625"}],"collection":[{"href":"https:\/\/insight-performance.com\/en\/wp-json\/wp\/v2\/pages"}],"about":[{"href":"https:\/\/insight-performance.com\/en\/wp-json\/wp\/v2\/types\/page"}],"author":[{"embeddable":true,"href":"https:\/\/insight-performance.com\/en\/wp-json\/wp\/v2\/users\/1"}],"replies":[{"embeddable":true,"href":"https:\/\/insight-performance.com\/en\/wp-json\/wp\/v2\/comments?post=14625"}],"version-history":[{"count":19,"href":"https:\/\/insight-performance.com\/en\/wp-json\/wp\/v2\/pages\/14625\/revisions"}],"predecessor-version":[{"id":15590,"href":"https:\/\/insight-performance.com\/en\/wp-json\/wp\/v2\/pages\/14625\/revisions\/15590"}],"up":[{"embeddable":true,"href":"https:\/\/insight-performance.com\/en\/wp-json\/wp\/v2\/pages\/12614"}],"wp:attachment":[{"href":"https:\/\/insight-performance.com\/en\/wp-json\/wp\/v2\/media?parent=14625"}],"curies":[{"name":"wp","href":"https:\/\/api.w.org\/{rel}","templated":true}]}}